{"id":988681,"date":"2025-03-20T20:30:01","date_gmt":"2025-03-20T20:30:01","guid":{"rendered":"https:\/\/grupoagrolibano.com\/?page_id=988681"},"modified":"2025-03-20T20:31:33","modified_gmt":"2025-03-20T20:31:33","slug":"privacy-policy","status":"publish","type":"page","link":"https:\/\/grupoagrolibano.com\/es\/privacy-policy\/","title":{"rendered":"Pol\u00edtica de Privacidad"},"content":{"rendered":"<div data-elementor-type=\"wp-page\" data-elementor-id=\"988681\" class=\"elementor elementor-988681\" data-elementor-post-type=\"page\">\n\t\t\t\t\t\t<section class=\"elementor-section elementor-top-section elementor-element elementor-element-d7c7a6b elementor-section-content-middle elementor-section-boxed elementor-section-height-default elementor-section-height-default\" data-id=\"d7c7a6b\" data-element_type=\"section\" data-e-type=\"section\" data-settings=\"{&quot;background_background&quot;:&quot;classic&quot;}\">\n\t\t\t\t\t\t\t<div class=\"elementor-background-overlay\"><\/div>\n\t\t\t\t\t\t\t<div class=\"elementor-container elementor-column-gap-no\">\n\t\t\t\t\t<div class=\"elementor-column elementor-col-100 elementor-top-column elementor-element elementor-element-90c3740\" data-id=\"90c3740\" data-element_type=\"column\" data-e-type=\"column\">\n\t\t\t<div class=\"elementor-widget-wrap elementor-element-populated\">\n\t\t\t\t\t\t<section class=\"elementor-section elementor-inner-section elementor-element elementor-element-0612d68 elementor-section-height-min-height elementor-section-content-middle elementor-section-boxed elementor-section-height-default\" data-id=\"0612d68\" data-element_type=\"section\" data-e-type=\"section\">\n\t\t\t\t\t\t<div class=\"elementor-container elementor-column-gap-no\">\n\t\t\t\t\t<div class=\"elementor-column elementor-col-100 elementor-inner-column elementor-element elementor-element-8b3d703\" data-id=\"8b3d703\" data-element_type=\"column\" data-e-type=\"column\">\n\t\t\t<div class=\"elementor-widget-wrap elementor-element-populated\">\n\t\t\t\t\t\t\t<\/div>\n\t\t<\/div>\n\t\t\t\t\t<\/div>\n\t\t<\/section>\n\t\t\t\t\t<\/div>\n\t\t<\/div>\n\t\t\t\t\t<\/div>\n\t\t<\/section>\n\t\t<div class=\"elementor-element elementor-element-4a884e2 e-flex e-con-boxed e-con e-parent\" data-id=\"4a884e2\" data-element_type=\"container\" data-e-type=\"container\">\n\t\t\t\t\t<div class=\"e-con-inner\">\n\t\t\t\t<div class=\"vamtam-has-theme-widget-styles elementor-element elementor-element-88439b2 elementor-widget elementor-widget-text-editor\" data-id=\"88439b2\" data-element_type=\"widget\" data-e-type=\"widget\" data-widget_type=\"text-editor.default\">\n\t\t\t\t<div class=\"elementor-widget-container\">\n\t\t\t\t\t\t\t\t\t<p><strong>1. Nuestra Pol\u00edtica de Privacidad<\/strong><br \/>Grupo Agrol\u00edbano garantiza que la recolecci\u00f3n de su informaci\u00f3n personal se mantiene siempre de forma privada y confidencial. La organizaci\u00f3n no alquila, vende o intercambia la informaci\u00f3n personal de sus clientes, proveedores o usuarios de su sitio web.<br \/><br \/>El tipo y cantidad de informaci\u00f3n que recopilamos y almacenamos sobre usted depende de c\u00f3mo use nuestro Sitio Web. Usted puede navegar por la mayor\u00eda de las p\u00e1ginas sin proporcionarnos ninguna informaci\u00f3n personal. Sin embargo, se recopilan registros an\u00f3nimos durante su visita, los cuales pueden utilizarse para crear estad\u00edsticas agregadas sobre el uso del Sitio Web (para mayor informaci\u00f3n sobre esto, vea nuestro Aviso de Cookies a continuaci\u00f3n).<br \/><br \/>Grupo Agrol\u00edbano solo recopilar\u00e1 informaci\u00f3n sobre los visitantes de la web cuando estos se suscriban a boletines informativos, completen formularios de contacto o participen en encuestas o eventos promovidos por la empresa. En estos casos, recopilamos, almacenamos y procesamos su nombre, direcci\u00f3n de correo electr\u00f3nico y pa\u00eds de residencia, adem\u00e1s de cualquier informaci\u00f3n adicional que usted pueda proporcionar voluntariamente.<br \/><br \/>Si usted ha optado por suscribirse a nuestras actualizaciones v\u00eda correo electr\u00f3nico, conservaremos su informaci\u00f3n personal mientras permanezca suscrito a nuestra lista de correo. Cualquier correo enviado incluir\u00e1 la opci\u00f3n para dejar de recibir futuras comunicaciones. Si usted decide cancelar su suscripci\u00f3n, eliminaremos su informaci\u00f3n personal de nuestro sistema. Tambi\u00e9n puede solicitar su eliminaci\u00f3n de nuestros listados de correos contact\u00e1ndonos en <a href=\"mailto:comunicaciones@agrolibano.com\">comunicaciones@agrolibano.com<\/a>.<\/p><p><strong>2. Nuestro Aviso de Cookies<\/strong><br \/>Una cookie es un fragmento de informaci\u00f3n en formato de texto que un sitio web transfiere a su navegador para recordar qui\u00e9n es usted. Generalmente, una cookie contiene el nombre del dominio de Internet de donde proviene, su \"tiempo de vida\" y un valor \u00fanico generado aleatoriamente.<br \/><br \/>Este sitio utiliza cookies y rastreadores de Google para monitorear el comportamiento de los usuarios de forma an\u00f3nima con el fin de recopilar estad\u00edsticas de uso, tales como el n\u00famero de p\u00e1ginas visitadas, tiempo de permanencia en el sitio, cantidad de visitantes \u00fanicos, entre otros. Esto nos permite mejorar el funcionamiento del sitio y la efectividad de nuestros esfuerzos publicitarios.<br \/><br \/>Esta informaci\u00f3n no se usa para desarrollar un perfil personal de usted.<br \/>Al utilizar nuestro Sitio Web, usted acepta el uso de estas cookies en su dispositivo.<br \/><br \/>Los usuarios tienen la opci\u00f3n de configurar sus dispositivos para aceptar todas las cookies, recibir una notificaci\u00f3n cuando se emite una cookie o rechazar todas las cookies. Para gestionar sus preferencias sobre cookies, consulte la configuraci\u00f3n de su navegador o visite www.allaboutcookies.org.<\/p><p><strong>3. Cookies de Terceras Partes<\/strong><br \/>Para mejorar la experiencia del usuario, ocasionalmente incrustamos contenido de sitios como YouTube. Como resultado, cuando usted visita una p\u00e1gina con contenido incrustado, estos sitios pueden colocar cookies en su dispositivo.<br \/><br \/>Adem\u00e1s, nuestro Sitio Web cuenta con botones de \"compartir\" para facilitar la difusi\u00f3n de contenido en redes sociales como Facebook, X y LinkedIn. Estas plataformas pueden colocar cookies en su dispositivo si usted est\u00e1 en sesi\u00f3n dentro de sus servicios.<br \/>Grupo Agrol\u00edbano no controla la diseminaci\u00f3n de estas cookies. Le recomendamos revisar las pol\u00edticas de privacidad de las terceras partes para obtener m\u00e1s informaci\u00f3n sobre su uso de cookies.<br \/><br \/>Usted puede aceptar o rechazar las cookies modificando la configuraci\u00f3n en su navegador. No obstante, tenga en cuenta que restringir el uso de cookies podr\u00eda afectar la funcionalidad del Sitio Web.<br \/><br \/>Para m\u00e1s informaci\u00f3n sobre el tratamiento de su informaci\u00f3n personal, puede contactarnos en <a href=\"mailto:comunicaciones@agrolibano.com\">comunicaciones@agrolibano.com<\/a>.<\/p>\t\t\t\t\t\t\t\t<\/div>\n\t\t\t\t<\/div>\n\t\t\t\t\t<\/div>\n\t\t\t\t<\/div>\n\t\t\t\t<\/div>","protected":false},"excerpt":{"rendered":"<p>1. Our Privacy PolicyGrupo Agrol\u00edbano ensures that the collection of your personal information is always kept private and confidential. The organization does not rent, sell, or trade the personal information of its customers, suppliers, or website users. The type and amount of information we collect and store about you depends on how you use our&#8230;<\/p>","protected":false},"author":2,"featured_media":0,"parent":0,"menu_order":0,"comment_status":"closed","ping_status":"closed","template":"","meta":{"footnotes":""},"class_list":["post-988681","page","type-page","status-publish","hentry"],"_links":{"self":[{"href":"https:\/\/grupoagrolibano.com\/es\/wp-json\/wp\/v2\/pages\/988681","targetHints":{"allow":["GET"]}}],"collection":[{"href":"https:\/\/grupoagrolibano.com\/es\/wp-json\/wp\/v2\/pages"}],"about":[{"href":"https:\/\/grupoagrolibano.com\/es\/wp-json\/wp\/v2\/types\/page"}],"author":[{"embeddable":true,"href":"https:\/\/grupoagrolibano.com\/es\/wp-json\/wp\/v2\/users\/2"}],"replies":[{"embeddable":true,"href":"https:\/\/grupoagrolibano.com\/es\/wp-json\/wp\/v2\/comments?post=988681"}],"version-history":[{"count":7,"href":"https:\/\/grupoagrolibano.com\/es\/wp-json\/wp\/v2\/pages\/988681\/revisions"}],"predecessor-version":[{"id":988688,"href":"https:\/\/grupoagrolibano.com\/es\/wp-json\/wp\/v2\/pages\/988681\/revisions\/988688"}],"wp:attachment":[{"href":"https:\/\/grupoagrolibano.com\/es\/wp-json\/wp\/v2\/media?parent=988681"}],"curies":[{"name":"wp","href":"https:\/\/api.w.org\/{rel}","templated":true}]}}